{"id":712,"date":"2023-09-26T12:42:05","date_gmt":"2023-09-26T16:42:05","guid":{"rendered":"https:\/\/4reality.ca\/fr\/fr\/fr\/fr\/fr\/fr\/fr\/fr\/fr\/fr\/fr\/fr\/?page_id=712"},"modified":"2024-11-15T15:02:38","modified_gmt":"2024-11-15T20:02:38","slug":"cgu","status":"publish","type":"page","link":"https:\/\/4reality.ca\/fr\/cgu\/","title":{"rendered":"CGU"},"content":{"rendered":"\n<h2 class=\"wp-block-heading has-background-color has-text-color has-link-color wp-elements-77b9ca3d8a0ca3b4decc7168f52c2bb3\" id=\"conditions-generales-d-utilisation-cgu\">Conditions g\u00e9n\u00e9rales d&rsquo;utilisation (\u00ab\u00a0CGU\u00a0\u00bb)<\/h2>\n\n\n\n<p class=\"wp-block-paragraph\"><\/p>\n\n\n\n<p class=\"has-text-align-center wp-block-paragraph\"><br>STUDIO 4REALITY <\/p>\n\n\n\n<p class=\"has-text-align-center wp-block-paragraph\">Logiciel de rendu photo-r\u00e9aliste en temps r\u00e9el et jumeaux num\u00e9rique<\/p>\n\n\n\n<p class=\"has-text-align-center wp-block-paragraph\">Derni\u00e8re mise \u00e0 jour : 15 novembre 2024<\/p>\n\n\n\n<p class=\"wp-block-paragraph\"><\/p>\n\n\n\n<p class=\"wp-block-paragraph\">Studio 4Reality fournit un logiciel de rendu photo-r\u00e9aliste et de jumeaux num\u00e9rique ainsi que des services en mod\u00e9lisation virtuelle. La vision de l&rsquo;entreprise est de devenir un chef de file dans les logiciels en temps r\u00e9el. La mission de Studio 4Reality est de fournir des produits informatiques simple d&rsquo;utilisation, innovants et fiables qui garantiront une meilleure productivit\u00e9 et un plus grand succ\u00e8s aux petites, moyennes et grandes organisations multinationales. <\/p>\n\n\n\n<p class=\"wp-block-paragraph\"><\/p>\n\n\n\n<p class=\"wp-block-paragraph\">Notre \u00ab\u00a0site Web\u00a0\u00bb comprend <a href=\"http:\/\/www.4reality.ca\/\">www.4reality.ca<\/a> et tous les sites Web connexes, produits, logiciels, services, programmes et r\u00e9seaux propos\u00e9s par Studio 4Reality ou ses soci\u00e9t\u00e9s affili\u00e9es.<\/p>\n\n\n\n<p class=\"wp-block-paragraph\">Les termes \u00ab\u00a0nous\u00a0\u00bb, \u00ab\u00a0nous\u00a0\u00bb ou \u00ab\u00a0notre\u00a0\u00bb font r\u00e9f\u00e9rences \u00e0 Studio 4Reality et leurs soci\u00e9t\u00e9s affili\u00e9es. Par \u00ab\u00a0vous\u00a0\u00bb, nous faisons r\u00e9f\u00e9rence aux visiteurs et utilisateurs de toute partie de notre site Web.<\/p>\n\n\n\n<p class=\"wp-block-paragraph\"><\/p>\n\n\n\n<p class=\"wp-block-paragraph\">En utilisant notre site Internet, nos produits et nos services, vous acceptez les conditions g\u00e9n\u00e9rales d&rsquo;utilisation \u00e9nonc\u00e9es ci-dessous. Veuillez les lire attentivement<\/p>\n\n\n\n<p class=\"wp-block-paragraph\"><\/p>\n\n\n\n<p class=\"has-medium-font-size wp-block-paragraph\" style=\"font-style:normal;font-weight:700\">1- Acceptation des conditions<\/p>\n\n\n\n<p class=\"wp-block-paragraph\">En acc\u00e9dant ou en utilisant notre site Internet, nos produits et nos services, vous acceptez de vous conformer \u00e0 ces CGU. Si vous n&rsquo;acceptez pas ces CGU, veuillez ne pas utiliser notre site Internet, nos produits et nos services.<\/p>\n\n\n\n<p class=\"wp-block-paragraph\"><\/p>\n\n\n\n<p class=\"has-medium-font-size wp-block-paragraph\" style=\"font-style:normal;font-weight:700\">2- Utilisation de 4Reality<\/p>\n\n\n\n<p class=\"wp-block-paragraph\">Notre site Internet offre des informations et la possibilit\u00e9 de t\u00e9l\u00e9charger le logiciel 4Reality. La version 4Reality Designer vous octrois une licence d&rsquo;utilisation gratuite pour usage personnel et commercial. Pour les versions 4Reality Pro et 4Reality Advanced peuvent \u00eatre activ\u00e9 via un syst\u00e8me d&rsquo;abonnement mensuel ou annuel. L&rsquo;abonnement peut \u00eatre cr\u00e9er et g\u00e9rer \u00e0 partir de l&rsquo;onglet \u00ab\u00a0Compte\u00a0\u00bb dans le logiciel 4Reality. <\/p>\n\n\n\n<p class=\"wp-block-paragraph\">Les utilisateurs de 4Reality consentent \u00e0 l&#8217;employer de mani\u00e8re \u00e9thique et responsable. Par cons\u00e9quent, nous tenons \u00e0 souligner les restrictions suivantes concernant l&rsquo;utilisation de notre logiciel :<\/p>\n\n\n\n<ol class=\"wp-block-list\">\n<li><strong>Non \u00e0 la Violence et aux Pr\u00e9judices<\/strong> : 4Reality ne doit en aucun cas \u00eatre utilis\u00e9 pour encourager, promouvoir, participer ou c\u00e9l\u00e9brer la violence physique ou les pr\u00e9judices envers des individus, des biens ou des groupes bas\u00e9s sur la race, la religion, le handicap, le genre, l&rsquo;orientation sexuelle, l&rsquo;origine nationale ou toute autre caract\u00e9ristique immuable. L&rsquo;utilisation du logiciel \u00e0 de telles fins est strictement interdite.<\/li>\n\n\n\n<li><strong>Contenu Sexuel ou Ill\u00e9gal<\/strong> : Il est \u00e9galement strictement interdit d&rsquo;utiliser 4Reality pour produire, distribuer ou partager du contenu \u00e0 caract\u00e8re sexuel explicite ou ill\u00e9gal. <\/li>\n\n\n\n<li><strong>Respect des Lois et R\u00e8glements<\/strong> : Les utilisateurs sont tenus de se conformer \u00e0 toutes les lois, r\u00e9glementations et normes applicables lorsqu&rsquo;ils utilisent 4Reality. Cela inclut, mais ne se limite pas \u00e0, les lois sur le droit d&rsquo;auteur, la protection des donn\u00e9es et la protection de la vie priv\u00e9e.<\/li>\n\n\n\n<li><strong>Responsabilit\u00e9 Individuelle<\/strong> : Chaque utilisateur est individuellement responsable de l&rsquo;utilisation qu&rsquo;il fait de 4Reality et des cons\u00e9quences de cette utilisation. L&rsquo;\u00e9quipe de 4Reality se r\u00e9serve le droit de prendre des mesures appropri\u00e9es en cas de violation de ces restrictions, y compris la r\u00e9siliation de l&rsquo;acc\u00e8s au logiciel ou des recours l\u00e9gaux.<\/li>\n<\/ol>\n\n\n\n<p class=\"wp-block-paragraph\">L&rsquo;utilisation du logiciel 4Reality est r\u00e9gie par le Contrat de Licence d&rsquo;Utilisateur Final. Le contrat est disponible lors de l&rsquo;installation du logiciel ou il est disponible sur demande.<\/p>\n\n\n\n<p class=\"wp-block-paragraph\"><\/p>\n\n\n\n<p class=\"has-medium-font-size wp-block-paragraph\" style=\"font-style:normal;font-weight:700\">3- Services de mod\u00e9lisation<\/p>\n\n\n\n<p class=\"wp-block-paragraph\">Studio 4Reality offre des services sur mesure de jumeau num\u00e9rique avec le logiciel 4Reality. Une demande en priv\u00e9 doit \u00eatre produite pour ces services et une offre de service officielle sera \u00e9mises incluant les termes contractuel.<\/p>\n\n\n\n<p class=\"wp-block-paragraph\"><\/p>\n\n\n\n<p class=\"has-medium-font-size wp-block-paragraph\" style=\"font-style:normal;font-weight:700\">4- Confidentialit\u00e9<\/p>\n\n\n\n<p class=\"wp-block-paragraph\">Notre politique de confidentialit\u00e9 r\u00e9git la mani\u00e8re dont nous collectons, utilisons et prot\u00e9geons vos informations personnelles. Veuillez consulter notre politique de confidentialit\u00e9 pour en savoir plus.<\/p>\n\n\n\n<p class=\"wp-block-paragraph\"><\/p>\n\n\n\n<p class=\"has-medium-font-size wp-block-paragraph\" style=\"font-style:normal;font-weight:700\">5- Limitation de responsabilit\u00e9<\/p>\n\n\n\n<p class=\"wp-block-paragraph\">Dans toute la mesure permise par la loi applicable, Studio 4Reality d\u00e9cline toute responsabilit\u00e9 en ce qui concerne l&rsquo;utilisation de notre site Internet, de nos produits et de nos services. Nous ne garantissons pas l&rsquo;exactitude, l&rsquo;exhaustivit\u00e9 ni l&rsquo;ad\u00e9quation \u00e0 un usage particulier des informations fournies sur notre site Internet.<\/p>\n\n\n\n<p class=\"wp-block-paragraph\"><\/p>\n\n\n\n<p class=\"has-medium-font-size wp-block-paragraph\" style=\"font-style:normal;font-weight:700\">6- Modification des CGU<\/p>\n\n\n\n<p class=\"wp-block-paragraph\">Nous nous r\u00e9servons le droit de modifier ces CGU \u00e0 tout moment. Les modifications prendront effet d\u00e8s leur publication sur notre site Internet. Il vous incombe de consulter r\u00e9guli\u00e8rement les CGU pour \u00eatre inform\u00e9 des \u00e9ventuelles mises \u00e0 jour.<\/p>\n\n\n\n<p class=\"wp-block-paragraph\"><\/p>\n\n\n\n<p class=\"has-medium-font-size wp-block-paragraph\" style=\"font-style:normal;font-weight:700\">7- Contactez-Nous<\/p>\n\n\n\n<p class=\"wp-block-paragraph\">Pour toute question ou pr\u00e9occupation concernant ces CGU, veuillez nous contacter \u00e0 l&rsquo;adresse suivante: <a href=\"mailto:michael@4reality.ca\">michael@4reality.ca<\/a><\/p>\n\n\n\n<div style=\"height:100px\" aria-hidden=\"true\" class=\"wp-block-spacer\"><\/div>\n","protected":false},"excerpt":{"rendered":"<p>Conditions g\u00e9n\u00e9rales d&rsquo;utilisation (\u00ab\u00a0CGU\u00a0\u00bb) STUDIO 4REALITY Logiciel de rendu photo-r\u00e9aliste en temps r\u00e9el et jumeaux num\u00e9rique Derni\u00e8re mise \u00e0 jour : 15 novembre 2024 Studio 4Reality fournit un logiciel de rendu photo-r\u00e9aliste et de jumeaux num\u00e9rique ainsi que des services en mod\u00e9lisation virtuelle. La vision de l&rsquo;entreprise est de devenir un chef de file dans [&hellip;]<\/p>\n","protected":false},"author":64378345,"featured_media":0,"parent":0,"menu_order":0,"comment_status":"closed","ping_status":"closed","template":"","meta":{"_crdt_document":"","jetpack_post_was_ever_published":false,"footnotes":""},"class_list":["post-712","page","type-page","status-publish","hentry"],"featured_image_src":null,"jetpack_likes_enabled":true,"jetpack_sharing_enabled":true,"jetpack_shortlink":"https:\/\/wp.me\/PeOxoh-bu","jetpack-related-posts":[],"_links":{"self":[{"href":"https:\/\/4reality.ca\/fr\/wp-json\/wp\/v2\/pages\/712","targetHints":{"allow":["GET"]}}],"collection":[{"href":"https:\/\/4reality.ca\/fr\/wp-json\/wp\/v2\/pages"}],"about":[{"href":"https:\/\/4reality.ca\/fr\/wp-json\/wp\/v2\/types\/page"}],"author":[{"embeddable":true,"href":"https:\/\/4reality.ca\/fr\/wp-json\/wp\/v2\/users\/64378345"}],"replies":[{"embeddable":true,"href":"https:\/\/4reality.ca\/fr\/wp-json\/wp\/v2\/comments?post=712"}],"version-history":[{"count":15,"href":"https:\/\/4reality.ca\/fr\/wp-json\/wp\/v2\/pages\/712\/revisions"}],"predecessor-version":[{"id":1351,"href":"https:\/\/4reality.ca\/fr\/wp-json\/wp\/v2\/pages\/712\/revisions\/1351"}],"wp:attachment":[{"href":"https:\/\/4reality.ca\/fr\/wp-json\/wp\/v2\/media?parent=712"}],"curies":[{"name":"wp","href":"https:\/\/api.w.org\/{rel}","templated":true}]}}