{"id":802,"date":"2023-11-19T19:22:54","date_gmt":"2023-11-20T00:22:54","guid":{"rendered":"https:\/\/4reality.ca\/fr\/fr\/fr\/fr\/fr\/fr\/fr\/fr\/fr\/fr\/fr\/fr\/?page_id=802"},"modified":"2026-03-20T19:43:06","modified_gmt":"2026-03-20T23:43:06","slug":"telechargements","status":"publish","type":"page","link":"https:\/\/4reality.ca\/en\/telechargements\/","title":{"rendered":"Downloads"},"content":{"rendered":"<p><!-- Google tag (gtag.js) --><br \/>\n<script async src=\"https:\/\/www.googletagmanager.com\/gtag\/js?id=AW-11551812108\"><\/script><br \/>\n<script><br \/>\n  window.dataLayer = window.dataLayer || [];<br \/>\n  function gtag(){dataLayer.push(arguments);}<br \/>\n  gtag('js', new Date());<\/p>\n<p>  gtag('config', 'AW-11551812108');<br \/>\n<\/script><\/p>\n\n\n\n\n<div style=\"height:21px\" aria-hidden=\"true\" class=\"wp-block-spacer\"><\/div>\n\n\n\n<h3 id=\"0-t%C3%A9l%C3%A9chargement-du-logiciel-4reality-2026r2\" class=\"wp-block-heading\" style=\"font-size:clamp(15.747px, 0.984rem + ((1vw - 3.2px) * 0.737), 24px);\">Download 4Reality 2026R2 software<\/h3>\n\n\n\n<h4 id=\"1-logiciel-principal\" class=\"wp-block-heading\">Main software<\/h4>\n\n\n\n<p class=\"wp-block-paragraph\">Include all features of the software. Limited number of 3D models, material libraries and scenes.<\/p>\n\n\n\n<p class=\"wp-block-paragraph\">Download option:<\/p>\n\n\n\n<ul class=\"wp-block-list\">\n<li><a href=\"https:\/\/download.4reality.ca\/download\/4Reality%202026R2\/4Reality2026R2-Main_Downloader.exe\">Automatic download<\/a> (recommended)<\/li>\n\n\n\n<li><a href=\"https:\/\/download.4reality.ca\/download\/4Reality%202026R2\/Main\/\" target=\"_blank\" rel=\"noreferrer noopener\">Individual installation files download<\/a><\/li>\n\n\n\n<li><a href=\"https:\/\/download.4reality.ca\/download\/4Reality%202026R2\/4Reality2026R2-Main.zip\">Download all files in a compressed file<\/a><\/li>\n<\/ul>\n\n\n\n<div style=\"height:50px\" aria-hidden=\"true\" class=\"wp-block-spacer\"><\/div>\n\n\n\n<h4 id=\"2-contenu-additionnel\" class=\"wp-block-heading\">Additionnal content<\/h4>\n\n\n\n<p class=\"wp-block-paragraph\">Add 3D models, material libraries, and scenes to the main software. The main software must be installed along with the additional content. <\/p>\n\n\n\n<p class=\"wp-block-paragraph\">Download option:<\/p>\n\n\n\n<ul class=\"wp-block-list\">\n<li><a href=\"https:\/\/download.4reality.ca\/download\/4Reality%202026R2\/4Reality2026R2-Extra_Downloader.exe\">Automatic download<\/a> (recommended)<\/li>\n\n\n\n<li><a href=\"https:\/\/download.4reality.ca\/download\/4Reality%202026R2\/Extra\/\" target=\"_blank\" rel=\"noreferrer noopener\">Individual installation files download<\/a><\/li>\n\n\n\n<li><a href=\"https:\/\/download.4reality.ca\/download\/4Reality%202026R2\/4Reality2026R2-Extra.zip\">Download all files in a compressed file<\/a><\/li>\n<\/ul>\n\n\n\n<figure class=\"wp-block-video wp-block-embed is-type-video is-provider-videopress\"><div class=\"wp-block-embed__wrapper\">\n<iframe title=\"VideoPress Video Player\" aria-label='VideoPress Video Player' width='500' height='281' src='https:\/\/videopress.com\/embed\/Ea1OMn4G?cover=1&amp;preloadContent=metadata&amp;useAverageColor=1&amp;hd=0' frameborder='0' allowfullscreen data-resize-to-parent=\"true\" allow='clipboard-write'><\/iframe><script src='https:\/\/v0.wordpress.com\/js\/next\/videopress-iframe.js?m=1770107250'><\/script>\n<\/div><figcaption>Main new features of 4Reality 2026R2<\/figcaption><\/figure>","protected":false},"excerpt":{"rendered":"<p>T\u00e9l\u00e9chargement du logiciel 4Reality 2026R2 Logiciel principal Inclus toutes les fonctionnalit\u00e9s du logiciels. Nombre limit\u00e9s de mod\u00e8le 3D, librairies de mat\u00e9riaux et de sc\u00e8nes. Options de t\u00e9l\u00e9chargement: Contenu additionnel Ajoute des mod\u00e8les 3D, des librairies de mat\u00e9riaux et des sc\u00e8nes au logiciel principal. Le logiciel principale doit \u00eatre install\u00e9 avec l&rsquo;installation du contenu additionnel. Options [&hellip;]<\/p>\n","protected":false},"author":64378345,"featured_media":0,"parent":0,"menu_order":0,"comment_status":"closed","ping_status":"closed","template":"","meta":{"_crdt_document":"","jetpack_post_was_ever_published":false,"footnotes":""},"class_list":["post-802","page","type-page","status-publish","hentry"],"featured_image_src":null,"jetpack_likes_enabled":true,"jetpack_sharing_enabled":true,"jetpack_shortlink":"https:\/\/wp.me\/PeOxoh-cW","jetpack-related-posts":[],"_links":{"self":[{"href":"https:\/\/4reality.ca\/en\/wp-json\/wp\/v2\/pages\/802","targetHints":{"allow":["GET"]}}],"collection":[{"href":"https:\/\/4reality.ca\/en\/wp-json\/wp\/v2\/pages"}],"about":[{"href":"https:\/\/4reality.ca\/en\/wp-json\/wp\/v2\/types\/page"}],"author":[{"embeddable":true,"href":"https:\/\/4reality.ca\/en\/wp-json\/wp\/v2\/users\/64378345"}],"replies":[{"embeddable":true,"href":"https:\/\/4reality.ca\/en\/wp-json\/wp\/v2\/comments?post=802"}],"version-history":[{"count":100,"href":"https:\/\/4reality.ca\/en\/wp-json\/wp\/v2\/pages\/802\/revisions"}],"predecessor-version":[{"id":2514,"href":"https:\/\/4reality.ca\/en\/wp-json\/wp\/v2\/pages\/802\/revisions\/2514"}],"wp:attachment":[{"href":"https:\/\/4reality.ca\/en\/wp-json\/wp\/v2\/media?parent=802"}],"curies":[{"name":"wp","href":"https:\/\/api.w.org\/{rel}","templated":true}]}}